{"id":47,"date":"2017-05-27T12:05:04","date_gmt":"2017-05-27T12:05:04","guid":{"rendered":"http:\/\/atradice.es\/web\/?page_id=47"},"modified":"2023-10-20T16:05:26","modified_gmt":"2023-10-20T16:05:26","slug":"como-asociarse","status":"publish","type":"page","link":"https:\/\/cetm-madrid.es\/web\/como-asociarse\/","title":{"rendered":"C\u00f3mo asociarse"},"content":{"rendered":"<p>[et_pb_section fb_built=&#8221;1&#8243; admin_label=&#8221;section&#8221; _builder_version=&#8221;3.22&#8243; global_colors_info=&#8221;{}&#8221;][et_pb_row admin_label=&#8221;row&#8221; _builder_version=&#8221;3.25&#8243; background_size=&#8221;initial&#8221; background_position=&#8221;top_left&#8221; background_repeat=&#8221;repeat&#8221; global_colors_info=&#8221;{}&#8221;][et_pb_column type=&#8221;4_4&#8243; _builder_version=&#8221;3.25&#8243; custom_padding=&#8221;|||&#8221; global_colors_info=&#8221;{}&#8221; custom_padding__hover=&#8221;|||&#8221;][et_pb_text admin_label=&#8221;Texto&#8221; _builder_version=&#8221;3.27.4&#8243; background_size=&#8221;initial&#8221; background_position=&#8221;top_left&#8221; background_repeat=&#8221;repeat&#8221; use_border_color=&#8221;off&#8221; border_color=&#8221;#ffffff&#8221; border_style=&#8221;solid&#8221; global_colors_info=&#8221;{}&#8221;]<\/p>\n<h3>Qui\u00e9nes pueden asociarse<\/h3>\n<p>Aut\u00f3nomos y empresas de transporte p\u00fablico de mercanc\u00edas, que posean la correspondiente autorizaci\u00f3n administrativa para el ejercicio de la actividad, as\u00ed como agencias, transitarios, almacenistas y distribuidores, que dispongan de la autorizaci\u00f3n de operador de transporte.<br \/>\n[\/et_pb_text][et_pb_text admin_label=&#8221;Texto&#8221; _builder_version=&#8221;3.27.4&#8243; background_size=&#8221;initial&#8221; background_position=&#8221;top_left&#8221; background_repeat=&#8221;repeat&#8221; use_border_color=&#8221;off&#8221; border_color=&#8221;#ffffff&#8221; border_style=&#8221;solid&#8221; global_colors_info=&#8221;{}&#8221;]<\/p>\n<h3>Ventajas de estar asociado<\/h3>\n<ul>\n<li>Representaci\u00f3n y defensa del sector ante organismo e instituciones<\/li>\n<li>Informaci\u00f3n puntual a trav\u00e9s de circulares<\/li>\n<li>Recepci\u00f3n gratuita de la revista &#8220;Transporte Profesional&#8221;<\/li>\n<li>Jornadas sectoriales<\/li>\n<li>Cursos subvencionados<\/li>\n<li>Reducci\u00f3n en el precio de los cursos no subvencionados impartidos por CEFTRAL<\/li>\n<li>Descuentos en gasoil (tarjeta SOLRED)<\/li>\n<li>Descuentos en telefon\u00eda (acuerdo MOVISTAR)<\/li>\n<li>Servicio gratuito de asesoramiento jur\u00eddico y consultor\u00eda<\/li>\n<li>Servicio gratuito de gesti\u00f3n de transportes<\/li>\n<\/ul>\n<p>[\/et_pb_text][et_pb_text admin_label=&#8221;Texto&#8221; _builder_version=&#8221;4.14.4&#8243; background_size=&#8221;initial&#8221; background_position=&#8221;top_left&#8221; background_repeat=&#8221;repeat&#8221; hover_enabled=&#8221;0&#8243; use_border_color=&#8221;off&#8221; border_color=&#8221;#ffffff&#8221; border_style=&#8221;solid&#8221; global_colors_info=&#8221;{}&#8221; sticky_enabled=&#8221;0&#8243;]<\/p>\n<p>Descargue nuestro formulario para asociarse: <a href=\"https:\/\/cetm-madrid.es\/web\/wp-content\/uploads\/2023\/10\/FICHA-DE-INSCRIPCION-CETM-MADRID.pdf\" target=\"_blank\" rel=\"noopener noreferrer\">Descargar<\/a><\/p>\n<p>[\/et_pb_text][\/et_pb_column][\/et_pb_row][\/et_pb_section]<\/p>\n","protected":false},"excerpt":{"rendered":"<p>Qui\u00e9nes pueden asociarse Aut\u00f3nomos y empresas de transporte p\u00fablico de mercanc\u00edas, que posean la correspondiente autorizaci\u00f3n administrativa para el ejercicio de la actividad, as\u00ed como agencias, transitarios, almacenistas y distribuidores, que dispongan de la autorizaci\u00f3n de operador de transporte. Ventajas de estar asociado Representaci\u00f3n y defensa del sector ante organismo e instituciones Informaci\u00f3n puntual a [&hellip;]<\/p>\n","protected":false},"author":1,"featured_media":0,"parent":0,"menu_order":0,"comment_status":"closed","ping_status":"closed","template":"","meta":{"_et_pb_use_builder":"on","_et_pb_old_content":"","_et_gb_content_width":"","footnotes":""},"class_list":["post-47","page","type-page","status-publish","hentry"],"_links":{"self":[{"href":"https:\/\/cetm-madrid.es\/web\/wp-json\/wp\/v2\/pages\/47","targetHints":{"allow":["GET"]}}],"collection":[{"href":"https:\/\/cetm-madrid.es\/web\/wp-json\/wp\/v2\/pages"}],"about":[{"href":"https:\/\/cetm-madrid.es\/web\/wp-json\/wp\/v2\/types\/page"}],"author":[{"embeddable":true,"href":"https:\/\/cetm-madrid.es\/web\/wp-json\/wp\/v2\/users\/1"}],"replies":[{"embeddable":true,"href":"https:\/\/cetm-madrid.es\/web\/wp-json\/wp\/v2\/comments?post=47"}],"version-history":[{"count":1,"href":"https:\/\/cetm-madrid.es\/web\/wp-json\/wp\/v2\/pages\/47\/revisions"}],"predecessor-version":[{"id":13558,"href":"https:\/\/cetm-madrid.es\/web\/wp-json\/wp\/v2\/pages\/47\/revisions\/13558"}],"wp:attachment":[{"href":"https:\/\/cetm-madrid.es\/web\/wp-json\/wp\/v2\/media?parent=47"}],"curies":[{"name":"wp","href":"https:\/\/api.w.org\/{rel}","templated":true}]}}