{"id":39,"date":"2017-05-27T12:04:32","date_gmt":"2017-05-27T12:04:32","guid":{"rendered":"http:\/\/atradice.es\/web\/?page_id=39"},"modified":"2019-05-19T23:18:55","modified_gmt":"2019-05-19T23:18:55","slug":"servicios","status":"publish","type":"page","link":"https:\/\/cetm-madrid.es\/web\/servicios\/","title":{"rendered":"Servicios"},"content":{"rendered":"<p>[et_pb_section fb_built=&#8221;1&#8243; admin_label=&#8221;section&#8221; _builder_version=&#8221;3.22.3&#8243;][et_pb_row admin_label=&#8221;Fila&#8221; _builder_version=&#8221;3.22.3&#8243; background_size=&#8221;initial&#8221; background_position=&#8221;top_left&#8221; background_repeat=&#8221;repeat&#8221;][et_pb_column type=&#8221;4_4&#8243; _builder_version=&#8221;3.0.47&#8243;][et_pb_text admin_label=&#8221;Texto&#8221; _builder_version=&#8221;3.0.87&#8243; background_size=&#8221;initial&#8221; background_position=&#8221;top_left&#8221; background_repeat=&#8221;repeat&#8221; use_border_color=&#8221;off&#8221; border_color=&#8221;#ffffff&#8221; border_style=&#8221;solid&#8221;]<\/p>\n<h2>Servicios<\/h2>\n<p>[\/et_pb_text][\/et_pb_column][\/et_pb_row][et_pb_row admin_label=&#8221;Fila&#8221; _builder_version=&#8221;3.22.3&#8243; background_size=&#8221;initial&#8221; background_position=&#8221;top_left&#8221; background_repeat=&#8221;repeat&#8221;][et_pb_column type=&#8221;1_3&#8243; _builder_version=&#8221;3.0.47&#8243;][et_pb_image src=&#8221;https:\/\/cetm-madrid.es\/web\/wp-content\/uploads\/2017\/05\/1.png&#8221; url=&#8221;https:\/\/cetm-madrid.es\/web\/servicios\/#gestion&#8221; align=&#8221;center&#8221; admin_label=&#8221;Imagen&#8221; _builder_version=&#8221;3.0.87&#8243; use_border_color=&#8221;off&#8221; border_color=&#8221;#ffffff&#8221; border_style=&#8221;solid&#8221; animation=&#8221;off&#8221; sticky=&#8221;off&#8221;][\/et_pb_image][et_pb_text admin_label=&#8221;Gesti\u00f3n&#8221; _builder_version=&#8221;3.0.87&#8243; background_size=&#8221;initial&#8221; background_position=&#8221;top_left&#8221; background_repeat=&#8221;repeat&#8221; text_orientation=&#8221;center&#8221; module_alignment=&#8221;center&#8221; use_border_color=&#8221;off&#8221; border_color=&#8221;#ffffff&#8221; border_style=&#8221;solid&#8221;]<\/p>\n<h3><a href=\"https:\/\/cetm-madrid.es\/web\/index.php\/servicios\/#gestion\">Gesti\u00f3n<\/a><\/h3>\n<p>[\/et_pb_text][\/et_pb_column][et_pb_column type=&#8221;1_3&#8243; _builder_version=&#8221;3.0.47&#8243;][et_pb_image src=&#8221;https:\/\/cetm-madrid.es\/web\/wp-content\/uploads\/2017\/05\/2..png&#8221; url=&#8221;https:\/\/cetm-madrid.es\/web\/servicios\/#asesoria&#8221; align=&#8221;center&#8221; admin_label=&#8221;Imagen&#8221; _builder_version=&#8221;3.0.87&#8243; use_border_color=&#8221;off&#8221; border_color=&#8221;#ffffff&#8221; border_style=&#8221;solid&#8221; animation=&#8221;off&#8221; sticky=&#8221;off&#8221;][\/et_pb_image][et_pb_text admin_label=&#8221;Asesor\u00eda jur\u00eddica&#8221; _builder_version=&#8221;3.0.87&#8243; background_size=&#8221;initial&#8221; background_position=&#8221;top_left&#8221; background_repeat=&#8221;repeat&#8221; text_orientation=&#8221;center&#8221; module_alignment=&#8221;center&#8221; use_border_color=&#8221;off&#8221; border_color=&#8221;#ffffff&#8221; border_style=&#8221;solid&#8221;]<\/p>\n<h3><a href=\"https:\/\/cetm-madrid.es\/web\/index.php\/servicios\/#asesoria\">Asesor\u00eda jur\u00eddica<\/a><\/h3>\n<p>[\/et_pb_text][\/et_pb_column][et_pb_column type=&#8221;1_3&#8243; _builder_version=&#8221;3.0.47&#8243;][et_pb_image src=&#8221;https:\/\/cetm-madrid.es\/web\/wp-content\/uploads\/2017\/05\/3.png&#8221; url=&#8221;https:\/\/cetm-madrid.es\/web\/servicios\/#negociacion&#8221; align=&#8221;center&#8221; admin_label=&#8221;Imagen&#8221; _builder_version=&#8221;3.0.87&#8243; use_border_color=&#8221;off&#8221; border_color=&#8221;#ffffff&#8221; border_style=&#8221;solid&#8221; animation=&#8221;off&#8221; sticky=&#8221;off&#8221;][\/et_pb_image][et_pb_text admin_label=&#8221;Negociaci\u00f3n Colectiva&#8221; _builder_version=&#8221;3.0.87&#8243; background_size=&#8221;initial&#8221; background_position=&#8221;top_left&#8221; background_repeat=&#8221;repeat&#8221; text_orientation=&#8221;center&#8221; module_alignment=&#8221;center&#8221; use_border_color=&#8221;off&#8221; border_color=&#8221;#ffffff&#8221; border_style=&#8221;solid&#8221;]<\/p>\n<h3><a href=\"https:\/\/cetm-madrid.es\/web\/index.php\/servicios\/#negociacion\">Negociaci\u00f3n Colectiva<\/a><\/h3>\n<p>[\/et_pb_text][\/et_pb_column][\/et_pb_row][et_pb_row custom_margin=&#8221;||100px|&#8221; parallax_method_1=&#8221;off&#8221; parallax_method_2=&#8221;off&#8221; parallax_method_3=&#8221;off&#8221; admin_label=&#8221;Fila&#8221; _builder_version=&#8221;3.22.3&#8243; background_size=&#8221;initial&#8221; background_position=&#8221;top_left&#8221; background_repeat=&#8221;repeat&#8221; make_fullwidth=&#8221;off&#8221; use_custom_width=&#8221;off&#8221; width_unit=&#8221;on&#8221;][et_pb_column type=&#8221;1_3&#8243; _builder_version=&#8221;3.0.47&#8243;][et_pb_image src=&#8221;https:\/\/cetm-madrid.es\/web\/wp-content\/uploads\/2017\/05\/4.png&#8221; url=&#8221;https:\/\/cetm-madrid.es\/web\/servicios\/#formacion&#8221; align=&#8221;center&#8221; admin_label=&#8221;Imagen&#8221; _builder_version=&#8221;3.0.87&#8243; use_border_color=&#8221;off&#8221; border_color=&#8221;#ffffff&#8221; border_style=&#8221;solid&#8221; animation=&#8221;off&#8221; sticky=&#8221;off&#8221;][\/et_pb_image][et_pb_text admin_label=&#8221;Formaci\u00f3n&#8221; _builder_version=&#8221;3.0.87&#8243; background_size=&#8221;initial&#8221; background_position=&#8221;top_left&#8221; background_repeat=&#8221;repeat&#8221; text_orientation=&#8221;center&#8221; module_alignment=&#8221;center&#8221; use_border_color=&#8221;off&#8221; border_color=&#8221;#ffffff&#8221; border_style=&#8221;solid&#8221;]<\/p>\n<h3><a href=\"https:\/\/cetm-madrid.es\/web\/index.php\/servicios\/#formacion\">Formaci\u00f3n<\/a><\/h3>\n<p>[\/et_pb_text][\/et_pb_column][et_pb_column type=&#8221;1_3&#8243; _builder_version=&#8221;3.0.47&#8243;][et_pb_image src=&#8221;https:\/\/cetm-madrid.es\/web\/wp-content\/uploads\/2017\/05\/5.png&#8221; url=&#8221;https:\/\/cetm-madrid.es\/web\/servicios\/#acuerdos&#8221; align=&#8221;center&#8221; admin_label=&#8221;Imagen&#8221; _builder_version=&#8221;3.0.87&#8243; use_border_color=&#8221;off&#8221; border_color=&#8221;#ffffff&#8221; border_style=&#8221;solid&#8221; animation=&#8221;off&#8221; sticky=&#8221;off&#8221;][\/et_pb_image][et_pb_text admin_label=&#8221;Acuerdos de colaboraci\u00f3n&#8221; _builder_version=&#8221;3.0.87&#8243; background_size=&#8221;initial&#8221; background_position=&#8221;top_left&#8221; background_repeat=&#8221;repeat&#8221; text_orientation=&#8221;center&#8221; module_alignment=&#8221;center&#8221; use_border_color=&#8221;off&#8221; border_color=&#8221;#ffffff&#8221; border_style=&#8221;solid&#8221;]<\/p>\n<h3><a href=\"https:\/\/cetm-madrid.es\/web\/index.php\/servicios\/#acuerdos\">Acuerdos de colaboraci\u00f3n<\/a><\/h3>\n<p>[\/et_pb_text][\/et_pb_column][et_pb_column type=&#8221;1_3&#8243; _builder_version=&#8221;3.0.47&#8243;][et_pb_image src=&#8221;https:\/\/cetm-madrid.es\/web\/wp-content\/uploads\/2017\/05\/6.png&#8221; url=&#8221;https:\/\/cetm-madrid.es\/web\/servicios\/#cetm&#8221; align=&#8221;center&#8221; admin_label=&#8221;Imagen&#8221; _builder_version=&#8221;3.0.87&#8243; use_border_color=&#8221;off&#8221; border_color=&#8221;#ffffff&#8221; border_style=&#8221;solid&#8221; animation=&#8221;off&#8221; sticky=&#8221;off&#8221;][\/et_pb_image][et_pb_text admin_label=&#8221;CETM&#8221; _builder_version=&#8221;3.0.87&#8243; background_size=&#8221;initial&#8221; background_position=&#8221;top_left&#8221; background_repeat=&#8221;repeat&#8221; text_orientation=&#8221;center&#8221; module_alignment=&#8221;center&#8221; use_border_color=&#8221;off&#8221; border_color=&#8221;#ffffff&#8221; border_style=&#8221;solid&#8221;]<\/p>\n<h3><a href=\"https:\/\/cetm-madrid.es\/web\/index.php\/servicios\/#cetm\">CETM<\/a><\/h3>\n<p>[\/et_pb_text][\/et_pb_column][\/et_pb_row][et_pb_row admin_label=&#8221;Fila&#8221; _builder_version=&#8221;3.22.3&#8243; background_size=&#8221;initial&#8221; background_position=&#8221;top_left&#8221; background_repeat=&#8221;repeat&#8221;][et_pb_column type=&#8221;2_3&#8243; _builder_version=&#8221;3.0.47&#8243;][et_pb_text admin_label=&#8221;1. Gesti\u00f3n.&#8221; module_id=&#8221;gestion&#8221; _builder_version=&#8221;3.0.87&#8243; background_size=&#8221;initial&#8221; background_position=&#8221;top_left&#8221; background_repeat=&#8221;repeat&#8221; use_border_color=&#8221;off&#8221; border_color=&#8221;#ffffff&#8221; border_style=&#8221;solid&#8221;]<\/p>\n<h3>Gesti\u00f3n.<\/h3>\n<p>[\/et_pb_text][et_pb_text admin_label=&#8221;Texto&#8221; _builder_version=&#8221;3.0.87&#8243; background_size=&#8221;initial&#8221; background_position=&#8221;top_left&#8221; background_repeat=&#8221;repeat&#8221; use_border_color=&#8221;off&#8221; border_color=&#8221;#ffffff&#8221; border_style=&#8221;solid&#8221;]<\/p>\n<ul>\n<li>Devoluci\u00f3n del gas\u00f3leo profesional.<\/li>\n<li>Visado de autorizaciones de transporte p\u00fablico de mercanc\u00edas.<\/li>\n<li>Visado de autorizaciones de Operador de Transporte.<\/li>\n<li>Alta de transportistas (aut\u00f3nomo o sociedad).<\/li>\n<li>Alta de Operador de Transporte.<\/li>\n<li>Solicitud de autorizaciones de transporte: alta, convalidaci\u00f3n, cesi\u00f3n, sustituci\u00f3n.<\/li>\n<li>Certificados para matriculaciones.<\/li>\n<li>Informes sobre autorizaciones.<\/li>\n<li>Certificados de conductor de terceros pa\u00edses.<\/li>\n<li>Tarjetas de tac\u00f3grafo digital para la empresa y el conductor.<\/li>\n<li>Licencias comunitarias para transporte internacional.<\/li>\n<li>Permisos bilaterales para transporte internacional.<\/li>\n<li>Matriculaciones de veh\u00edculos.<\/li>\n<li>Transferencias de veh\u00edculos.<\/li>\n<\/ul>\n<p>[\/et_pb_text][\/et_pb_column][et_pb_column type=&#8221;1_3&#8243; _builder_version=&#8221;3.0.47&#8243;][et_pb_text admin_label=&#8221;Texto&#8221; _builder_version=&#8221;3.0.87&#8243; background_size=&#8221;initial&#8221; background_position=&#8221;top_left&#8221; background_repeat=&#8221;repeat&#8221; use_border_color=&#8221;off&#8221; border_color=&#8221;#ffffff&#8221; border_style=&#8221;solid&#8221;][\/et_pb_text][et_pb_image src=&#8221;https:\/\/cetm-madrid.es\/web\/wp-content\/uploads\/2017\/05\/Gestion.jpg&#8221; admin_label=&#8221;Imagen&#8221; _builder_version=&#8221;3.0.87&#8243; use_border_color=&#8221;off&#8221; border_color=&#8221;#ffffff&#8221; border_style=&#8221;solid&#8221; animation=&#8221;off&#8221; sticky=&#8221;off&#8221;][\/et_pb_image][\/et_pb_column][\/et_pb_row][et_pb_row admin_label=&#8221;Fila&#8221; _builder_version=&#8221;3.22.3&#8243; background_size=&#8221;initial&#8221; background_position=&#8221;top_left&#8221; background_repeat=&#8221;repeat&#8221;][et_pb_column type=&#8221;2_3&#8243; _builder_version=&#8221;3.0.47&#8243;][et_pb_text admin_label=&#8221;2. Asesor\u00eda Jur\u00eddica.&#8221; module_id=&#8221;asesoria&#8221; _builder_version=&#8221;3.0.87&#8243; background_size=&#8221;initial&#8221; background_position=&#8221;top_left&#8221; background_repeat=&#8221;repeat&#8221; use_border_color=&#8221;off&#8221; border_color=&#8221;#ffffff&#8221; border_style=&#8221;solid&#8221;]<\/p>\n<h3>Asesor\u00eda Jur\u00eddica.<\/h3>\n<p>[\/et_pb_text][et_pb_text admin_label=&#8221;Texto&#8221; _builder_version=&#8221;3.0.87&#8243; background_size=&#8221;initial&#8221; background_position=&#8221;top_left&#8221; background_repeat=&#8221;repeat&#8221; use_border_color=&#8221;off&#8221; border_color=&#8221;#ffffff&#8221; border_style=&#8221;solid&#8221;]<\/p>\n<ul>\n<li>Tramitaci\u00f3n de expedientes sancionadores en v\u00eda administrativa en materia de tr\u00e1fico y de transportes.<\/li>\n<li>Asesoramiento en inspecciones de transportes.<\/li>\n<li>Redacci\u00f3n de contratos mercantiles de transporte de mercanc\u00edas por carretera.<\/li>\n<li>Asesoramiento en incidencias derivadas del cumplimiento o ejecuci\u00f3n de los contratos de transporte de mercanc\u00edas por carretera.<\/li>\n<li>Gesti\u00f3n y reclamaci\u00f3n de impagados.<\/li>\n<li>Reclamaciones y asistencia ante las Juntas arbitrales de transporte.<\/li>\n<li>Asesoramiento en la constituci\u00f3n de sociedades mercantiles.<\/li>\n<li>Asistencia jur\u00eddica en materia de seguros de circulaci\u00f3n, transportes, y responsabilidad civil en general.<\/li>\n<li>Certificados por la paralizaci\u00f3n de camiones.<\/li>\n<li>Laboral: clausulado de contratos laborales, negociaci\u00f3n e impugnaci\u00f3n del convenio colectivo de transportes de la Comunidad de Madrid, jornada laboral, etc.<\/li>\n<li>Informaci\u00f3n continua de las principales novedades y modificaciones normativas del sector a trav\u00e9s de circulares.<\/li>\n<li>Legislaci\u00f3n sectorial: a trav\u00e9s de sus organizaciones nacionales, CETM-Madrid ha participado activamente en las <strong>comisiones legislativas<\/strong> creadas para informar en los proyectos legislativos que se han presentado en estos \u00faltimos a\u00f1os que afectan al sector de transporte de mercanc\u00edas, como son la Ley del Contrato de Transporte Terrestre de Mercanc\u00edas, las modificaciones de la Ley de Ordenaci\u00f3n de los Transportes terrestres (LOTT), las modificaciones de su Reglamento de desarrollo (ROTT), la aprobaci\u00f3n de la Orden Ministerial de condiciones generales del contrato de transporte de mercanc\u00edas, as\u00ed como la Orden Ministerial que regula el r\u00e9gimen jur\u00eddico de las autorizaciones de transporte p\u00fablico, y dem\u00e1s normas espec\u00edficas del sector.<\/li>\n<\/ul>\n<p>[\/et_pb_text][\/et_pb_column][et_pb_column type=&#8221;1_3&#8243; _builder_version=&#8221;3.0.47&#8243;][et_pb_text admin_label=&#8221;Texto&#8221; _builder_version=&#8221;3.0.87&#8243; background_size=&#8221;initial&#8221; background_position=&#8221;top_left&#8221; background_repeat=&#8221;repeat&#8221; use_border_color=&#8221;off&#8221; border_color=&#8221;#ffffff&#8221; border_style=&#8221;solid&#8221;][\/et_pb_text][et_pb_image src=&#8221;https:\/\/cetm-madrid.es\/web\/wp-content\/uploads\/2017\/05\/Asesoramiento-1.jpg&#8221; admin_label=&#8221;Imagen&#8221; _builder_version=&#8221;3.0.87&#8243; use_border_color=&#8221;off&#8221; border_color=&#8221;#ffffff&#8221; border_style=&#8221;solid&#8221; animation=&#8221;off&#8221; sticky=&#8221;off&#8221;][\/et_pb_image][\/et_pb_column][\/et_pb_row][et_pb_row admin_label=&#8221;Fila&#8221; _builder_version=&#8221;3.22.3&#8243; background_size=&#8221;initial&#8221; background_position=&#8221;top_left&#8221; background_repeat=&#8221;repeat&#8221;][et_pb_column type=&#8221;2_3&#8243; _builder_version=&#8221;3.0.47&#8243;][et_pb_text admin_label=&#8221;3. Negociaci\u00f3n Colectiva.&#8221; module_id=&#8221;negociacion&#8221; _builder_version=&#8221;3.0.87&#8243; background_size=&#8221;initial&#8221; background_position=&#8221;top_left&#8221; background_repeat=&#8221;repeat&#8221; use_border_color=&#8221;off&#8221; border_color=&#8221;#ffffff&#8221; border_style=&#8221;solid&#8221;]<\/p>\n<h3>Negociaci\u00f3n Colectiva.<\/h3>\n<p>[\/et_pb_text][et_pb_text admin_label=&#8221;Texto&#8221; _builder_version=&#8221;3.0.87&#8243; background_size=&#8221;initial&#8221; background_position=&#8221;top_left&#8221; background_repeat=&#8221;repeat&#8221; use_border_color=&#8221;off&#8221; border_color=&#8221;#ffffff&#8221; border_style=&#8221;solid&#8221;]<\/p>\n<ul>\n<li>Representatividad sectorial y presencia institucional Convenio Colectivo: desde su constituci\u00f3n CETM-Madrid ha participado en la negociaci\u00f3n del Convenio Colectivo de la Comunidad de Madrid.<\/li>\n<li>Tambi\u00e9n desde CETM-Madrid, a trav\u00e9s de sus organizaciones nacionales, se ha participado activamente en la negociaci\u00f3n del Acuerdo General Laboral a nivel nacional.<\/li>\n<\/ul>\n<p>[\/et_pb_text][\/et_pb_column][et_pb_column type=&#8221;1_3&#8243; _builder_version=&#8221;3.0.47&#8243;][et_pb_text admin_label=&#8221;Texto&#8221; _builder_version=&#8221;3.0.87&#8243; background_size=&#8221;initial&#8221; background_position=&#8221;top_left&#8221; background_repeat=&#8221;repeat&#8221; use_border_color=&#8221;off&#8221; border_color=&#8221;#ffffff&#8221; border_style=&#8221;solid&#8221;][\/et_pb_text][et_pb_image src=&#8221;https:\/\/cetm-madrid.es\/web\/wp-content\/uploads\/2017\/05\/Acuerdos.jpg&#8221; admin_label=&#8221;Imagen&#8221; _builder_version=&#8221;3.0.87&#8243; use_border_color=&#8221;off&#8221; border_color=&#8221;#ffffff&#8221; border_style=&#8221;solid&#8221; animation=&#8221;off&#8221; sticky=&#8221;off&#8221;][\/et_pb_image][\/et_pb_column][\/et_pb_row][et_pb_row admin_label=&#8221;Fila&#8221; _builder_version=&#8221;3.22.3&#8243; background_size=&#8221;initial&#8221; background_position=&#8221;top_left&#8221; background_repeat=&#8221;repeat&#8221;][et_pb_column type=&#8221;2_3&#8243; _builder_version=&#8221;3.0.47&#8243;][et_pb_text admin_label=&#8221;4. Formaci\u00f3n.&#8221; module_id=&#8221;formacion&#8221; _builder_version=&#8221;3.0.87&#8243; background_size=&#8221;initial&#8221; background_position=&#8221;top_left&#8221; background_repeat=&#8221;repeat&#8221; use_border_color=&#8221;off&#8221; border_color=&#8221;#ffffff&#8221; border_style=&#8221;solid&#8221;]<\/p>\n<h3>Formaci\u00f3n.<\/h3>\n<p>[\/et_pb_text][et_pb_text admin_label=&#8221;Texto&#8221; _builder_version=&#8221;3.0.87&#8243; background_size=&#8221;initial&#8221; background_position=&#8221;top_left&#8221; background_repeat=&#8221;repeat&#8221; use_border_color=&#8221;off&#8221; border_color=&#8221;#ffffff&#8221; border_style=&#8221;solid&#8221;]<\/p>\n<ul>\n<li>Cursos de acceso a la profesi\u00f3n de transportista.<\/li>\n<li>Conductor profesional de transporte.<\/li>\n<li>Formaci\u00f3n de conductores (CAP).<\/li>\n<li>Obtenci\u00f3n Transporte de Mercanc\u00edas Peligrosas.<\/li>\n<li>Consejero de Seguridad de Mercanc\u00edas Peligrosas.<\/li>\n<li>Actualizaci\u00f3n Consejero de Seguridad de Mercanc\u00edas Peligrosas.<\/li>\n<li>Formaci\u00f3n conductores Mercanc\u00edas Peligrosas.<\/li>\n<li>Jornadas de Simulador de conducci\u00f3n.<\/li>\n<li>Prevenci\u00f3n de riesgos laborales.<\/li>\n<li>Inform\u00e1tica.<\/li>\n<li>Log\u00edstica y transporte combinado.<\/li>\n<li>Curso Agente de Planificaci\u00f3n de Transporte (gesti\u00f3n flotas).<\/li>\n<li>T\u00e9cnicas de conducci\u00f3n y ahorro energ\u00e9tico.<\/li>\n<li>Gesti\u00f3n financiera para empresas de transporte.<\/li>\n<li>Gesti\u00f3n medioambiental para empresas de transporte.<\/li>\n<li>Gesti\u00f3n comercial de la empresa de transportes.<\/li>\n<li>Comercio exterior y transporte.<\/li>\n<li>Tac\u00f3grafo digital y Reglamento 3820.<\/li>\n<li>MASTER EN DIRECCI\u00d3N Y GESTI\u00d3N DE EMPRESAS DE TRANSPORTE.<\/li>\n<li>Cursos a distancia:<br \/>\n* Actualizaci\u00f3n Consejero de Seguridad<br \/>\n* Prevenci\u00f3n y Seguridad<br \/>\n* Normativa del sector de Transporte<br \/>\n* Ingl\u00e9s b\u00e1sico para el transporte<br \/>\n* Excel XP<\/li>\n<\/ul>\n<p>[\/et_pb_text][\/et_pb_column][et_pb_column type=&#8221;1_3&#8243; _builder_version=&#8221;3.0.47&#8243;][et_pb_text admin_label=&#8221;Texto&#8221; _builder_version=&#8221;3.0.87&#8243; background_size=&#8221;initial&#8221; background_position=&#8221;top_left&#8221; background_repeat=&#8221;repeat&#8221; use_border_color=&#8221;off&#8221; border_color=&#8221;#ffffff&#8221; border_style=&#8221;solid&#8221;][\/et_pb_text][et_pb_image src=&#8221;https:\/\/cetm-madrid.es\/web\/wp-content\/uploads\/2017\/05\/Formacion.jpg&#8221; admin_label=&#8221;Imagen&#8221; _builder_version=&#8221;3.0.87&#8243; use_border_color=&#8221;off&#8221; border_color=&#8221;#ffffff&#8221; border_style=&#8221;solid&#8221; animation=&#8221;off&#8221; sticky=&#8221;off&#8221;][\/et_pb_image][\/et_pb_column][\/et_pb_row][et_pb_row admin_label=&#8221;Fila&#8221; _builder_version=&#8221;3.22.3&#8243; background_size=&#8221;initial&#8221; background_position=&#8221;top_left&#8221; background_repeat=&#8221;repeat&#8221;][et_pb_column type=&#8221;2_3&#8243; _builder_version=&#8221;3.0.47&#8243;][et_pb_text admin_label=&#8221;5. Acuerdos de Colaboraci\u00f3n.&#8221; module_id=&#8221;acuerdos&#8221; _builder_version=&#8221;3.0.87&#8243; background_size=&#8221;initial&#8221; background_position=&#8221;top_left&#8221; background_repeat=&#8221;repeat&#8221; use_border_color=&#8221;off&#8221; border_color=&#8221;#ffffff&#8221; border_style=&#8221;solid&#8221;]<\/p>\n<h3>Acuerdos de Colaboraci\u00f3n.<\/h3>\n<p>[\/et_pb_text][et_pb_text admin_label=&#8221;Texto&#8221; _builder_version=&#8221;3.0.87&#8243; background_size=&#8221;initial&#8221; background_position=&#8221;top_left&#8221; background_repeat=&#8221;repeat&#8221; use_border_color=&#8221;off&#8221; border_color=&#8221;#ffffff&#8221; border_style=&#8221;solid&#8221;]<\/p>\n<ul>\n<li>Reclamaci\u00f3n contra los fabricantes de camiones.<\/li>\n<li>Acuerdo Solred con descuentos especiales en la red de estaciones de servicio m\u00e1s amplia.<\/li>\n<li>Recuperaci\u00f3n del IVA internacional.<\/li>\n<li>Tarjetas de pago de autopistas<\/li>\n<li>Reclamaci\u00f3n del c\u00e9ntimo sanitario.<\/li>\n<li>Reclamaci\u00f3n de las cotizaciones por contingencias profesionales de los conductores.<\/li>\n<\/ul>\n<p>[\/et_pb_text][\/et_pb_column][et_pb_column type=&#8221;1_3&#8243; _builder_version=&#8221;3.0.47&#8243;][et_pb_text admin_label=&#8221;Texto&#8221; _builder_version=&#8221;3.0.87&#8243; background_size=&#8221;initial&#8221; background_position=&#8221;top_left&#8221; background_repeat=&#8221;repeat&#8221; use_border_color=&#8221;off&#8221; border_color=&#8221;#ffffff&#8221; border_style=&#8221;solid&#8221;][\/et_pb_text][et_pb_image src=&#8221;https:\/\/cetm-madrid.es\/web\/wp-content\/uploads\/2017\/05\/Negociacion.jpg&#8221; admin_label=&#8221;Imagen&#8221; _builder_version=&#8221;3.0.87&#8243; use_border_color=&#8221;off&#8221; border_color=&#8221;#ffffff&#8221; border_style=&#8221;solid&#8221; animation=&#8221;off&#8221; sticky=&#8221;off&#8221;][\/et_pb_image][\/et_pb_column][\/et_pb_row][et_pb_row admin_label=&#8221;Fila&#8221; _builder_version=&#8221;3.22.3&#8243; background_size=&#8221;initial&#8221; background_position=&#8221;top_left&#8221; background_repeat=&#8221;repeat&#8221;][et_pb_column type=&#8221;2_3&#8243; _builder_version=&#8221;3.0.47&#8243;][et_pb_text admin_label=&#8221;6. CETM.&#8221; module_id=&#8221;cetm&#8221; _builder_version=&#8221;3.0.87&#8243; background_size=&#8221;initial&#8221; background_position=&#8221;top_left&#8221; background_repeat=&#8221;repeat&#8221; use_border_color=&#8221;off&#8221; border_color=&#8221;#ffffff&#8221; border_style=&#8221;solid&#8221;]<\/p>\n<h3>CETM.<\/h3>\n<p>[\/et_pb_text][et_pb_text admin_label=&#8221;Texto&#8221; _builder_version=&#8221;3.0.87&#8243; background_size=&#8221;initial&#8221; background_position=&#8221;top_left&#8221; background_repeat=&#8221;repeat&#8221; use_border_color=&#8221;off&#8221; border_color=&#8221;#ffffff&#8221; border_style=&#8221;solid&#8221;]<\/p>\n<ul>\n<li>CETM-Madrid forma parte de la Confederaci\u00f3n Espa\u00f1ola de organizaciones Empresariales de Transporte por Carretera (CONETRANS) y de la Federaci\u00f3n Espa\u00f1ola de Operadores de Transporte (FEDAT), a trav\u00e9s de las cuales est\u00e1 integrada a su vez de la Confederaci\u00f3n Espa\u00f1ola de Transporte de Mercanc\u00edas (CETM: <a href=\"http:\/\/www.cetm.es\">www.cetm.es<\/a>)<\/li>\n<\/ul>\n<p>[\/et_pb_text][\/et_pb_column][et_pb_column type=&#8221;1_3&#8243; _builder_version=&#8221;3.0.47&#8243;][et_pb_text admin_label=&#8221;Texto&#8221; _builder_version=&#8221;3.0.87&#8243; background_size=&#8221;initial&#8221; background_position=&#8221;top_left&#8221; background_repeat=&#8221;repeat&#8221; use_border_color=&#8221;off&#8221; border_color=&#8221;#ffffff&#8221; border_style=&#8221;solid&#8221;][\/et_pb_text][et_pb_image src=&#8221;https:\/\/cetm-madrid.es\/web\/wp-content\/uploads\/2017\/05\/CETM.jpg&#8221; admin_label=&#8221;Imagen&#8221; _builder_version=&#8221;3.0.87&#8243; use_border_color=&#8221;off&#8221; border_color=&#8221;#ffffff&#8221; border_style=&#8221;solid&#8221; animation=&#8221;off&#8221; sticky=&#8221;off&#8221;][\/et_pb_image][\/et_pb_column][\/et_pb_row][\/et_pb_section]<\/p>\n","protected":false},"excerpt":{"rendered":"<p>Servicios Gesti\u00f3n Asesor\u00eda jur\u00eddica Negociaci\u00f3n Colectiva Formaci\u00f3n Acuerdos de colaboraci\u00f3n CETM Gesti\u00f3n. Devoluci\u00f3n del gas\u00f3leo profesional. Visado de autorizaciones de transporte p\u00fablico de mercanc\u00edas. Visado de autorizaciones de Operador de Transporte. Alta de transportistas (aut\u00f3nomo o sociedad). Alta de Operador de Transporte. Solicitud de autorizaciones de transporte: alta, convalidaci\u00f3n, cesi\u00f3n, sustituci\u00f3n. Certificados para matriculaciones. Informes [&hellip;]<\/p>\n","protected":false},"author":1,"featured_media":0,"parent":0,"menu_order":0,"comment_status":"closed","ping_status":"closed","template":"","meta":{"_et_pb_use_builder":"on","_et_pb_old_content":"","_et_gb_content_width":"","footnotes":""},"class_list":["post-39","page","type-page","status-publish","hentry"],"_links":{"self":[{"href":"https:\/\/cetm-madrid.es\/web\/wp-json\/wp\/v2\/pages\/39","targetHints":{"allow":["GET"]}}],"collection":[{"href":"https:\/\/cetm-madrid.es\/web\/wp-json\/wp\/v2\/pages"}],"about":[{"href":"https:\/\/cetm-madrid.es\/web\/wp-json\/wp\/v2\/types\/page"}],"author":[{"embeddable":true,"href":"https:\/\/cetm-madrid.es\/web\/wp-json\/wp\/v2\/users\/1"}],"replies":[{"embeddable":true,"href":"https:\/\/cetm-madrid.es\/web\/wp-json\/wp\/v2\/comments?post=39"}],"version-history":[{"count":0,"href":"https:\/\/cetm-madrid.es\/web\/wp-json\/wp\/v2\/pages\/39\/revisions"}],"wp:attachment":[{"href":"https:\/\/cetm-madrid.es\/web\/wp-json\/wp\/v2\/media?parent=39"}],"curies":[{"name":"wp","href":"https:\/\/api.w.org\/{rel}","templated":true}]}}