{"id":38,"date":"2017-05-27T12:04:34","date_gmt":"2017-05-27T12:04:34","guid":{"rendered":"http:\/\/atradice.es\/web\/?page_id=38"},"modified":"2019-06-12T11:25:44","modified_gmt":"2019-06-12T11:25:44","slug":"quienes-somos","status":"publish","type":"page","link":"https:\/\/cetm-madrid.es\/web\/quienes-somos\/","title":{"rendered":"Quienes Somos"},"content":{"rendered":"<p>[et_pb_section bb_built=&#8221;1&#8243; admin_label=&#8221;section&#8221; _builder_version=&#8221;3.22.3&#8243;][et_pb_row _builder_version=&#8221;3.22.3&#8243; background_size=&#8221;initial&#8221; background_position=&#8221;top_left&#8221; background_repeat=&#8221;repeat&#8221;][et_pb_column type=&#8221;4_4&#8243;][et_pb_text _builder_version=&#8221;3.0.87&#8243; background_size=&#8221;initial&#8221; background_position=&#8221;top_left&#8221; background_repeat=&#8221;repeat&#8221; use_border_color=&#8221;off&#8221; border_color=&#8221;#ffffff&#8221; border_style=&#8221;solid&#8221;]<\/p>\n<h2>Quienes Somos<\/h2>\n<p>[\/et_pb_text][\/et_pb_column][\/et_pb_row][et_pb_row _builder_version=&#8221;3.22.3&#8243; background_size=&#8221;initial&#8221; background_position=&#8221;top_left&#8221; background_repeat=&#8221;repeat&#8221;][et_pb_column type=&#8221;2_3&#8243;][et_pb_text _builder_version=&#8221;3.0.74&#8243; background_size=&#8221;initial&#8221; background_position=&#8221;top_left&#8221; background_repeat=&#8221;repeat&#8221; text_orientation=&#8221;justified&#8221;]<\/p>\n<p>CEEl 21 de Junio de 1.980 se constituye legalmente la <strong>Asociaci\u00f3n de Empresas de Transportes de la Regi\u00f3n Centro (CETM-Madrid)<\/strong>, nace por la necesidad de una serie de empresarios de transporte de la provincia de Madrid de defender los intereses del sector del transporte de mercanc\u00edas por carretera, con una visi\u00f3n netamente empresarial, ajena a las influencias pol\u00edticas de aquellos a\u00f1os. La asociaci\u00f3n est\u00e1 inscrita en el Registro de Asociaciones del Ministerio de Trabajo, como asociaci\u00f3n profesional sin \u00e1nimo de lucro, sometida al r\u00e9gimen jur\u00eddico de la Ley de 1 de abril de 1977, y su funcionamiento est\u00e1 regulado de acuerdo con principios democr\u00e1ticos.<\/p>\n<p>Los objetivos b\u00e1sicos de CETM-Madrid como asociaci\u00f3n son:<\/p>\n<ul>\n<li><strong>Representar, gestionar y defender<\/strong> adem\u00e1s de proporcionar los intereses profesionales de las empresas afiliadas, y los generales de la actividad en el \u00e1mbito de su actuaci\u00f3n, tanto en sus relaciones con la Administraci\u00f3n P\u00fablica, como con las Organizaciones de empresas y trabajadores, y terceros en general.<\/li>\n<li>Estudio y propuesta de cuantas medidas se estimen oportunas para la mejor<strong> orientaci\u00f3n, reestructuraci\u00f3n, desarrollo y ordenaci\u00f3n del transporte<\/strong> de mercanc\u00edas por carretera, as\u00ed como su coordinaci\u00f3n con otros medios de transporte.<\/li>\n<li>Se\u00f1alar a la Administraci\u00f3n y a las Empresas afiliadas previos los oportunos <strong>estudios y prospecciones<\/strong>, las situaciones coyunturales o permanentes que afecten a la econom\u00eda del sector.<\/li>\n<li><strong>Comparecer<\/strong> ante la Administraci\u00f3n y dem\u00e1s Organismos P\u00fablicos para la defensa de los intereses profesionales a su cargo, asumiendo a trav\u00e9s de sus \u00f3rganos o miembros, las representaciones que las disposiciones legales establezcan o reconozcan.<\/li>\n<li><strong>Intervenir en los convenios, conflictos colectivos de trabajadores y huelgas<\/strong> que puedan suscitarse en el \u00e1mbito de su competencia, ejercitando los cometidos que les confieren las disposiciones legales.<\/li>\n<li>Establecer los servicios de <strong>asesor\u00eda jur\u00eddica<\/strong>, <strong>asesor\u00eda fiscal, asesor\u00eda econ\u00f3mica, gestor\u00eda administrativa, seguros,<\/strong> contrataci\u00f3n de transporte de mercanc\u00edas, y en general cuantos puedan resultar de inter\u00e9s para los asociados.<\/li>\n<li><strong>Resolver<\/strong> a trav\u00e9s del \u00f3rgano correspondiente de arbitraje, las cuestiones que le sean sometidas, bien por preceptos estatutarios, bien por voluntad de las partes.<\/li>\n<li>Emitir <strong>dictamen y peritajes<\/strong>.<\/li>\n<li>El estudio de los problemas que en cualquier aspecto afecten gen\u00e9ricamente a sus afiliados y en particular los espec\u00edficamente referidos a la <strong>planificaci\u00f3n econ\u00f3mica y social,<\/strong> la pol\u00edtica econ\u00f3mica general, los problemas de la coyuntura dimanantes de las relaciones intersectoriales y el normal desarrollo de la relaci\u00f3n de trabajo tanto en su aspecto socioecon\u00f3mico como jur\u00eddico.<\/li>\n<li>Canalizar la participaci\u00f3n de sus miembros en la gesti\u00f3n y responsabilidad del ente asociativo empresarial del sector de transportes de mercanc\u00edas por carretera de \u00e1mbito territorial, regional o nacional mediante su integraci\u00f3n como miembro del mismo, feder\u00e1ndose o confeder\u00e1ndose con otras organizaciones profesionales de funciones similares o complementarias.<\/li>\n<\/ul>\n<p>Dentro de CETM-Madrid existen los siguientes grupos:<\/p>\n<ul>\n<li><strong>Grupo Discrecional<\/strong>: agrupa a las empresas de transporte de mercanc\u00edas, ya sean de carga general o de diferentes especialidades (cisternas, portaveh\u00edculos, frigor\u00edficos, especiales, etc), que est\u00e1 integrado en CONCETRANS. El Presidente del Grupo Discrecional es D. Crist\u00f3bal San Juan Delgado.<\/li>\n<li><strong>Grupo Comercializador<\/strong>: agrupa a los Operadores de Transporte, que a su vez est\u00e1 integrado en la Federaci\u00f3n Espa\u00f1ola de Operadores de Transporte FEDAT (CETM-Operadores). El Presidente del Grupo Comercializador es D. Pedro Alfonsel Morales<\/li>\n<\/ul>\n<p>CETM-Madrid est\u00e1 presente en las <strong>principales organizaciones e instituciones<\/strong> relacionadas con el <strong>transporte<\/strong>, y participa en los foros sectoriales de mayor peso estrat\u00e9gico y prestigio dentro y fuera de la Comunidad de Madrid.<\/p>\n<p>Nuestra asociaci\u00f3n preside la Federaci\u00f3n Madrile\u00f1a de Transporte y Auxiliares de Transporte (FEMET), Federaci\u00f3n que agrupa a las principales organizaciones de transportistas de la Comunidad de Madrid, y participa en el Comit\u00e9 Madrile\u00f1o de Transportes, y en la Junta Arbitral de Transportes de la Comunidad de Madrid, adem\u00e1s CETM-Madrid se ha instituido como interlocutor de la Administraci\u00f3n auton\u00f3mica y municipal en los asuntos relacionados con el transporte de mercanc\u00edas por carretera, manteniendo una estrecha colaboraci\u00f3n con todas las instituciones p\u00fablicas. CETM-Madrid tambi\u00e9n forma parte de la Confederaci\u00f3n Espa\u00f1ola de organizaciones Empresariales de Transporte por Carretera (<a href=\"http:\/\/conetrans.cetm.es\/\">CONETRANS<\/a>) y de la Federaci\u00f3n Espa\u00f1ola de Operadores de Transporte (<a href=\"http:\/\/www.fedat.es\/\">FEDAT<\/a>), y a su vez de la Confederaci\u00f3n Espa\u00f1ola de Transporte de Mercanc\u00edas (<a href=\"http:\/\/www.cetm.es\/\">CETM<\/a>).<\/p>\n<p>[\/et_pb_text][\/et_pb_column][et_pb_column type=&#8221;1_3&#8243;][et_pb_image src=&#8221;https:\/\/cetm-madrid.es\/web\/wp-content\/uploads\/2017\/05\/cetmedificio.jpg&#8221; url=&#8221;#&#8221; align=&#8221;center&#8221; _builder_version=&#8221;3.0.87&#8243; use_border_color=&#8221;off&#8221; border_color=&#8221;#ffffff&#8221; border_style=&#8221;solid&#8221; animation=&#8221;off&#8221; sticky=&#8221;off&#8221; align_last_edited=&#8221;on|desktop&#8221; align_tablet=&#8221;center&#8221;]<\/p>\n<p><\/p>\n<p>[\/et_pb_image][et_pb_image src=&#8221;https:\/\/cetm-madrid.es\/web\/wp-content\/uploads\/2019\/05\/Portada-CETM-MADRID.jpg&#8221; align=&#8221;center&#8221; _builder_version=&#8221;3.24&#8243; use_border_color=&#8221;off&#8221; align_last_edited=&#8221;on|desktop&#8221; align_tablet=&#8221;center&#8221; box_shadow_horizontal_tablet=&#8221;0px&#8221; box_shadow_vertical_tablet=&#8221;0px&#8221; box_shadow_blur_tablet=&#8221;40px&#8221; box_shadow_spread_tablet=&#8221;0px&#8221; animation_style=&#8221;fade&#8221; z_index_tablet=&#8221;500&#8243;]<\/p>\n<p><\/p>\n<p>[\/et_pb_image][\/et_pb_column][\/et_pb_row][\/et_pb_section]<\/p>\n","protected":false},"excerpt":{"rendered":"<p>Quienes Somos CEEl 21 de Junio de 1.980 se constituye legalmente la Asociaci\u00f3n de Empresas de Transportes de la Regi\u00f3n Centro (CETM-Madrid), nace por la necesidad de una serie de empresarios de transporte de la provincia de Madrid de defender los intereses del sector del transporte de mercanc\u00edas por carretera, con una visi\u00f3n netamente empresarial, [&hellip;]<\/p>\n","protected":false},"author":1,"featured_media":0,"parent":0,"menu_order":0,"comment_status":"closed","ping_status":"closed","template":"","meta":{"_et_pb_use_builder":"on","_et_pb_old_content":"","_et_gb_content_width":"","footnotes":""},"class_list":["post-38","page","type-page","status-publish","hentry"],"_links":{"self":[{"href":"https:\/\/cetm-madrid.es\/web\/wp-json\/wp\/v2\/pages\/38","targetHints":{"allow":["GET"]}}],"collection":[{"href":"https:\/\/cetm-madrid.es\/web\/wp-json\/wp\/v2\/pages"}],"about":[{"href":"https:\/\/cetm-madrid.es\/web\/wp-json\/wp\/v2\/types\/page"}],"author":[{"embeddable":true,"href":"https:\/\/cetm-madrid.es\/web\/wp-json\/wp\/v2\/users\/1"}],"replies":[{"embeddable":true,"href":"https:\/\/cetm-madrid.es\/web\/wp-json\/wp\/v2\/comments?post=38"}],"version-history":[{"count":0,"href":"https:\/\/cetm-madrid.es\/web\/wp-json\/wp\/v2\/pages\/38\/revisions"}],"wp:attachment":[{"href":"https:\/\/cetm-madrid.es\/web\/wp-json\/wp\/v2\/media?parent=38"}],"curies":[{"name":"wp","href":"https:\/\/api.w.org\/{rel}","templated":true}]}}